{"id":2372,"date":"2025-08-20T18:47:02","date_gmt":"2025-08-20T16:47:02","guid":{"rendered":"https:\/\/www.auvieuxmoulinmegeve.com\/?page_id=2372"},"modified":"2026-03-30T17:42:27","modified_gmt":"2026-03-30T15:42:27","slug":"legal-information","status":"publish","type":"page","link":"https:\/\/www.auvieuxmoulinmegeve.com\/en\/mentions-legales\/","title":{"rendered":"Legal information"},"content":{"rendered":"<div data-elementor-type=\"wp-page\" data-elementor-id=\"2372\" class=\"elementor elementor-2372\" data-elementor-post-type=\"page\">\n\t\t\t\t<div class=\"elementor-element elementor-element-0913f1f e-flex e-con-boxed e-con e-parent\" data-id=\"0913f1f\" data-element_type=\"container\" data-e-type=\"container\" data-settings=\"{&quot;background_background&quot;:&quot;classic&quot;}\">\n\t\t\t\t\t<div class=\"e-con-inner\">\n\t\t\t\t\t<\/div>\n\t\t\t\t<\/div>\n\t\t<div class=\"elementor-element elementor-element-3cfe551 e-flex e-con-boxed e-con e-parent\" data-id=\"3cfe551\" data-element_type=\"container\" data-e-type=\"container\">\n\t\t\t\t\t<div class=\"e-con-inner\">\n\t\t\t\t<div class=\"elementor-element elementor-element-21f9297 elementor-widget elementor-widget-text-editor\" data-id=\"21f9297\" data-element_type=\"widget\" data-e-type=\"widget\" data-widget_type=\"text-editor.default\">\n\t\t\t\t<div class=\"elementor-widget-container\">\n\t\t\t\t\t\t\t\t\t<h1>Legal information<\/h1><p>In accordance with French law no. 2004-575 of 21 June 2004 on confidence in the digital economy, users of the site are informed of the identity of the various parties involved in its creation and monitoring.<\/p><h2>Site publisher<\/h2><p>This site, accessible at URL <a href=\"https:\/\/www.auvieuxmoulinmegeve.com\/en\/\" target=\"_blank\" rel=\"noopener\">www.auvieuxmoulinmegeve.com<\/a>is published by :<br \/><strong>LEISURE INDUSTRIES FRANCE SARL (LE VIEUX MOULIN)<\/strong><br \/>SARL with capital of \u20ac 7,622.45<br \/>Registered with the Annecy Trade and Companies Register under number <strong>391 541 133<\/strong><br \/>VAT number : <strong>FR68391541133<\/strong><br \/>Registered office: 188 rue Ambroise Martin, Le Vieux Moulin, 74120 Meg\u00e8ve, France<br \/>Repr\u00e9sent\u00e9e par : Christophe Prieu<\/p><h2>Hosting<\/h2><p>The site is hosted by :<br \/><strong>o2switch<\/strong><br \/>222 Boulevard Gustave Flaubert, 63000 Clermont-Ferrand<br \/>Telephone: (+33) 4 44 44 60 40<br \/>Website : <a href=\"https:\/\/www.o2switch.fr\" target=\"_blank\" rel=\"noopener\">www.o2switch.fr<\/a><\/p><h2>Publishing director<\/h2><p>Le directeur de la publication est : Christophe Prieu<\/p><h2>Design and development<\/h2><p>The site was designed, developed and is maintained by :<br \/><strong>Agence Popote<\/strong><br \/>150 route de Cassioz, 74120 Meg\u00e8ve<br \/>Website : <a href=\"https:\/\/www.agencepopote.fr\" target=\"_blank\" rel=\"noopener\">www.agencepopote.fr<\/a><br \/>Email : <a href=\"mailto:bonjour@agencepopote.fr\">bonjour@agencepopote.fr<\/a><\/p><h2>Personal data<\/h2><p>The processing of your personal data is governed by our <strong>privacy policy<\/strong>accessible on the site, in accordance with the General Data Protection Regulation 2016\/679 of 27 April 2016 (GDPR).<br \/>Vous disposez d\u2019un droit d\u2019acc\u00e8s, de rectification et de suppression de vos donn\u00e9es en nous contactant \u00e0 l\u2019adresse : <a href=\"mailto:\u00a0info@hotelauvieuxmoulin.fr\">\u00a0info@hotelauvieuxmoulin.fr<\/a>.<\/p><h2>Intellectual property<\/h2><p>All elements on this site (text, images, graphics, logos, structure, source code, etc.) are the exclusive property of LE VIEUX MOULIN or its partners, unless otherwise stated.<br \/>Any reproduction, representation, adaptation, translation and\/or modification, in part or in full, or transfer to another site is prohibited without the express authorisation of the publisher.<\/p>\t\t\t\t\t\t\t\t<\/div>\n\t\t\t\t<\/div>\n\t\t\t\t\t<\/div>\n\t\t\t\t<\/div>\n\t\t\t\t<\/div>","protected":false},"excerpt":{"rendered":"<p>Mentions l\u00e9gales Conform\u00e9ment \u00e0 la loi n\u00b0 2004\u2011575 du 21 juin 2004 pour la confiance dans l\u2019\u00e9conomie num\u00e9rique, il est pr\u00e9cis\u00e9 aux utilisateurs du site l\u2019identit\u00e9 des diff\u00e9rents intervenants dans le cadre de sa r\u00e9alisation et de son suivi. \u00c9diteur du site Le pr\u00e9sent site, accessible \u00e0 l\u2019URL www.auvieuxmoulinmegeve.com, est \u00e9dit\u00e9 par :LEISURE INDUSTRIES FRANCE [&hellip;]<\/p>\n","protected":false},"author":1,"featured_media":0,"parent":0,"menu_order":0,"comment_status":"closed","ping_status":"closed","template":"","meta":{"_jet_sm_ready_style":"","_jet_sm_style":"","_jet_sm_controls_values":"","_jet_sm_fonts_collection":"","_jet_sm_fonts_links":"","footnotes":""},"class_list":["post-2372","page","type-page","status-publish","hentry"],"yoast_head":"<!-- This site is optimized with the Yoast SEO plugin v27.2 - https:\/\/yoast.com\/product\/yoast-seo-wordpress\/ -->\n<title>Mentions l\u00e9gales - Au Vieux Moulin<\/title>\n<meta name=\"robots\" content=\"noindex, nofollow\" \/>\n<meta property=\"og:locale\" content=\"en_GB\" \/>\n<meta property=\"og:type\" content=\"article\" \/>\n<meta property=\"og:title\" content=\"Mentions l\u00e9gales - Au Vieux Moulin\" \/>\n<meta property=\"og:description\" content=\"Mentions l\u00e9gales Conform\u00e9ment \u00e0 la loi n\u00b0 2004\u2011575 du 21 juin 2004 pour la confiance dans l\u2019\u00e9conomie num\u00e9rique, il est pr\u00e9cis\u00e9 aux utilisateurs du site l\u2019identit\u00e9 des diff\u00e9rents intervenants dans le cadre de sa r\u00e9alisation et de son suivi. \u00c9diteur du site Le pr\u00e9sent site, accessible \u00e0 l\u2019URL www.auvieuxmoulinmegeve.com, est \u00e9dit\u00e9 par :LEISURE INDUSTRIES FRANCE [&hellip;]\" \/>\n<meta property=\"og:url\" content=\"https:\/\/www.auvieuxmoulinmegeve.com\/en\/legal-information\/\" \/>\n<meta property=\"og:site_name\" content=\"Au Vieux Moulin\" \/>\n<meta property=\"article:modified_time\" content=\"2026-03-30T15:42:27+00:00\" \/>\n<meta name=\"twitter:card\" content=\"summary_large_image\" \/>\n<meta name=\"twitter:label1\" content=\"Estimated reading time\" \/>\n\t<meta name=\"twitter:data1\" content=\"2 minutes\" \/>\n<script type=\"application\/ld+json\" class=\"yoast-schema-graph\">{\"@context\":\"https:\/\/schema.org\",\"@graph\":[{\"@type\":\"WebPage\",\"@id\":\"https:\/\/www.auvieuxmoulinmegeve.com\/mentions-legales\/\",\"url\":\"https:\/\/www.auvieuxmoulinmegeve.com\/mentions-legales\/\",\"name\":\"Mentions l\u00e9gales - Au Vieux Moulin\",\"isPartOf\":{\"@id\":\"https:\/\/www.auvieuxmoulinmegeve.com\/#website\"},\"datePublished\":\"2025-08-20T16:47:02+00:00\",\"dateModified\":\"2026-03-30T15:42:27+00:00\",\"breadcrumb\":{\"@id\":\"https:\/\/www.auvieuxmoulinmegeve.com\/mentions-legales\/#breadcrumb\"},\"inLanguage\":\"en-GB\",\"potentialAction\":[{\"@type\":\"ReadAction\",\"target\":[\"https:\/\/www.auvieuxmoulinmegeve.com\/mentions-legales\/\"]}]},{\"@type\":\"BreadcrumbList\",\"@id\":\"https:\/\/www.auvieuxmoulinmegeve.com\/mentions-legales\/#breadcrumb\",\"itemListElement\":[{\"@type\":\"ListItem\",\"position\":1,\"name\":\"Accueil\",\"item\":\"https:\/\/www.auvieuxmoulinmegeve.com\/\"},{\"@type\":\"ListItem\",\"position\":2,\"name\":\"Mentions l\u00e9gales\"}]},{\"@type\":\"WebSite\",\"@id\":\"https:\/\/www.auvieuxmoulinmegeve.com\/#website\",\"url\":\"https:\/\/www.auvieuxmoulinmegeve.com\/\",\"name\":\"Au Vieux Moulin\",\"description\":\"Hotel \u00e0 Meg\u00e8ve\",\"publisher\":{\"@id\":\"https:\/\/www.auvieuxmoulinmegeve.com\/#organization\"},\"potentialAction\":[{\"@type\":\"SearchAction\",\"target\":{\"@type\":\"EntryPoint\",\"urlTemplate\":\"https:\/\/www.auvieuxmoulinmegeve.com\/?s={search_term_string}\"},\"query-input\":{\"@type\":\"PropertyValueSpecification\",\"valueRequired\":true,\"valueName\":\"search_term_string\"}}],\"inLanguage\":\"en-GB\"},{\"@type\":\"Organization\",\"@id\":\"https:\/\/www.auvieuxmoulinmegeve.com\/#organization\",\"name\":\"Au Vieux Moulin\",\"url\":\"https:\/\/www.auvieuxmoulinmegeve.com\/\",\"logo\":{\"@type\":\"ImageObject\",\"inLanguage\":\"en-GB\",\"@id\":\"https:\/\/www.auvieuxmoulinmegeve.com\/#\/schema\/logo\/image\/\",\"url\":\"https:\/\/www.auvieuxmoulinmegeve.com\/wp-content\/uploads\/2025\/02\/Group-3444z1.svg\",\"contentUrl\":\"https:\/\/www.auvieuxmoulinmegeve.com\/wp-content\/uploads\/2025\/02\/Group-3444z1.svg\",\"width\":108,\"height\":32,\"caption\":\"Au Vieux Moulin\"},\"image\":{\"@id\":\"https:\/\/www.auvieuxmoulinmegeve.com\/#\/schema\/logo\/image\/\"}}]}<\/script>\n<!-- \/ Yoast SEO plugin. -->","yoast_head_json":{"title":"Legal information - Au Vieux Moulin","robots":{"index":"noindex","follow":"nofollow"},"og_locale":"en_GB","og_type":"article","og_title":"Mentions l\u00e9gales - Au Vieux Moulin","og_description":"Mentions l\u00e9gales Conform\u00e9ment \u00e0 la loi n\u00b0 2004\u2011575 du 21 juin 2004 pour la confiance dans l\u2019\u00e9conomie num\u00e9rique, il est pr\u00e9cis\u00e9 aux utilisateurs du site l\u2019identit\u00e9 des diff\u00e9rents intervenants dans le cadre de sa r\u00e9alisation et de son suivi. \u00c9diteur du site Le pr\u00e9sent site, accessible \u00e0 l\u2019URL www.auvieuxmoulinmegeve.com, est \u00e9dit\u00e9 par :LEISURE INDUSTRIES FRANCE [&hellip;]","og_url":"https:\/\/www.auvieuxmoulinmegeve.com\/en\/legal-information\/","og_site_name":"Au Vieux Moulin","article_modified_time":"2026-03-30T15:42:27+00:00","twitter_card":"summary_large_image","twitter_misc":{"Estimated reading time":"2 minutes"},"schema":{"@context":"https:\/\/schema.org","@graph":[{"@type":"WebPage","@id":"https:\/\/www.auvieuxmoulinmegeve.com\/mentions-legales\/","url":"https:\/\/www.auvieuxmoulinmegeve.com\/mentions-legales\/","name":"Legal information - Au Vieux Moulin","isPartOf":{"@id":"https:\/\/www.auvieuxmoulinmegeve.com\/#website"},"datePublished":"2025-08-20T16:47:02+00:00","dateModified":"2026-03-30T15:42:27+00:00","breadcrumb":{"@id":"https:\/\/www.auvieuxmoulinmegeve.com\/mentions-legales\/#breadcrumb"},"inLanguage":"en-GB","potentialAction":[{"@type":"ReadAction","target":["https:\/\/www.auvieuxmoulinmegeve.com\/mentions-legales\/"]}]},{"@type":"BreadcrumbList","@id":"https:\/\/www.auvieuxmoulinmegeve.com\/mentions-legales\/#breadcrumb","itemListElement":[{"@type":"ListItem","position":1,"name":"Accueil","item":"https:\/\/www.auvieuxmoulinmegeve.com\/"},{"@type":"ListItem","position":2,"name":"Mentions l\u00e9gales"}]},{"@type":"WebSite","@id":"https:\/\/www.auvieuxmoulinmegeve.com\/#website","url":"https:\/\/www.auvieuxmoulinmegeve.com\/","name":"Au Vieux Moulin","description":"Hotel in Meg\u00e8ve","publisher":{"@id":"https:\/\/www.auvieuxmoulinmegeve.com\/#organization"},"potentialAction":[{"@type":"SearchAction","target":{"@type":"EntryPoint","urlTemplate":"https:\/\/www.auvieuxmoulinmegeve.com\/?s={search_term_string}"},"query-input":{"@type":"PropertyValueSpecification","valueRequired":true,"valueName":"search_term_string"}}],"inLanguage":"en-GB"},{"@type":"Organization","@id":"https:\/\/www.auvieuxmoulinmegeve.com\/#organization","name":"Au Vieux Moulin","url":"https:\/\/www.auvieuxmoulinmegeve.com\/","logo":{"@type":"ImageObject","inLanguage":"en-GB","@id":"https:\/\/www.auvieuxmoulinmegeve.com\/#\/schema\/logo\/image\/","url":"https:\/\/www.auvieuxmoulinmegeve.com\/wp-content\/uploads\/2025\/02\/Group-3444z1.svg","contentUrl":"https:\/\/www.auvieuxmoulinmegeve.com\/wp-content\/uploads\/2025\/02\/Group-3444z1.svg","width":108,"height":32,"caption":"Au Vieux Moulin"},"image":{"@id":"https:\/\/www.auvieuxmoulinmegeve.com\/#\/schema\/logo\/image\/"}}]}},"_links":{"self":[{"href":"https:\/\/www.auvieuxmoulinmegeve.com\/en\/wp-json\/wp\/v2\/pages\/2372","targetHints":{"allow":["GET"]}}],"collection":[{"href":"https:\/\/www.auvieuxmoulinmegeve.com\/en\/wp-json\/wp\/v2\/pages"}],"about":[{"href":"https:\/\/www.auvieuxmoulinmegeve.com\/en\/wp-json\/wp\/v2\/types\/page"}],"author":[{"embeddable":true,"href":"https:\/\/www.auvieuxmoulinmegeve.com\/en\/wp-json\/wp\/v2\/users\/1"}],"replies":[{"embeddable":true,"href":"https:\/\/www.auvieuxmoulinmegeve.com\/en\/wp-json\/wp\/v2\/comments?post=2372"}],"version-history":[{"count":0,"href":"https:\/\/www.auvieuxmoulinmegeve.com\/en\/wp-json\/wp\/v2\/pages\/2372\/revisions"}],"wp:attachment":[{"href":"https:\/\/www.auvieuxmoulinmegeve.com\/en\/wp-json\/wp\/v2\/media?parent=2372"}],"curies":[{"name":"wp","href":"https:\/\/api.w.org\/{rel}","templated":true}]}}